{"id":783,"date":"2024-06-25T15:26:15","date_gmt":"2024-06-25T15:26:15","guid":{"rendered":"https:\/\/petroafin.ec\/?page_id=783"},"modified":"2024-07-19T01:29:59","modified_gmt":"2024-07-19T01:29:59","slug":"formulario-de-satisfaccion","status":"publish","type":"page","link":"https:\/\/petroafin.ec\/?page_id=783","title":{"rendered":"Formulario de Satisfacci\u00f3n"},"content":{"rendered":"\t\t<div data-elementor-type=\"wp-page\" data-elementor-id=\"783\" class=\"elementor elementor-783\" data-elementor-post-type=\"page\">\n\t\t\t\t<div data-particle_enable=\"false\" data-particle-mobile-disabled=\"false\" class=\"elementor-element elementor-element-30d04d6 e-flex e-con-boxed e-con e-parent\" data-id=\"30d04d6\" data-element_type=\"container\" data-settings=\"{&quot;background_background&quot;:&quot;classic&quot;}\">\n\t\t\t\t\t<div class=\"e-con-inner\">\n\t\t\t\t<div class=\"elementor-element elementor-element-f94b7cb elementor-widget-mobile__width-initial elementor-widget-tablet__width-initial elementor-widget__width-initial elementor-widget elementor-widget-heading\" data-id=\"f94b7cb\" data-element_type=\"widget\" data-widget_type=\"heading.default\">\n\t\t\t\t<div class=\"elementor-widget-container\">\n\t\t\t<style>\/*! elementor - v3.21.0 - 26-05-2024 *\/\n.elementor-heading-title{padding:0;margin:0;line-height:1}.elementor-widget-heading .elementor-heading-title[class*=elementor-size-]>a{color:inherit;font-size:inherit;line-height:inherit}.elementor-widget-heading .elementor-heading-title.elementor-size-small{font-size:15px}.elementor-widget-heading .elementor-heading-title.elementor-size-medium{font-size:19px}.elementor-widget-heading .elementor-heading-title.elementor-size-large{font-size:29px}.elementor-widget-heading .elementor-heading-title.elementor-size-xl{font-size:39px}.elementor-widget-heading .elementor-heading-title.elementor-size-xxl{font-size:59px}<\/style><h2 class=\"elementor-heading-title elementor-size-default\">Formulario de Satisfacci\u00f3n<\/h2>\t\t<\/div>\n\t\t\t\t<\/div>\n\t\t\t\t<div class=\"elementor-element elementor-element-c2910e1 elementor-widget elementor-widget-bdt-breadcrumbs\" data-id=\"c2910e1\" data-element_type=\"widget\" data-widget_type=\"bdt-breadcrumbs.default\">\n\t\t\t\t<div class=\"elementor-widget-container\">\n\t\t\t<div class='bdt-ep-breadcrumbs-wrapper'><ul class=\"bdt-ep-breadcrumb   breadcrumb-align-right\"><li><a href=\"https:\/\/petroafin.ec\/\"><span class=\"bdt-ep-breadcrumbs-home-icon\"> <i aria-hidden=\"true\" class=\"lnr lnr-home\"><\/i> <\/span>Petroafin<\/a><\/li>\n<li><span> P\u00e1gina<\/span><\/li>\n<\/ul><\/div>\t\t<\/div>\n\t\t\t\t<\/div>\n\t\t\t\t\t<\/div>\n\t\t\t\t<\/div>\n\t\t<div data-particle_enable=\"false\" data-particle-mobile-disabled=\"false\" class=\"elementor-element elementor-element-9a1945b e-flex e-con-boxed e-con e-parent\" data-id=\"9a1945b\" data-element_type=\"container\">\n\t\t\t\t\t<div class=\"e-con-inner\">\n\t\t\t\t\t<\/div>\n\t\t\t\t<\/div>\n\t\t<div data-particle_enable=\"false\" data-particle-mobile-disabled=\"false\" class=\"elementor-element elementor-element-9e38231 e-flex e-con-boxed e-con e-parent\" data-id=\"9e38231\" data-element_type=\"container\">\n\t\t\t\t\t<div class=\"e-con-inner\">\n\t\t\t\t<div class=\"elementor-element elementor-element-c2fbbb3 elementor-widget elementor-widget-text-editor\" data-id=\"c2fbbb3\" data-element_type=\"widget\" data-widget_type=\"text-editor.default\">\n\t\t\t\t<div class=\"elementor-widget-container\">\n\t\t\t<style>\/*! elementor - v3.21.0 - 26-05-2024 *\/\n.elementor-widget-text-editor.elementor-drop-cap-view-stacked .elementor-drop-cap{background-color:#69727d;color:#fff}.elementor-widget-text-editor.elementor-drop-cap-view-framed .elementor-drop-cap{color:#69727d;border:3px solid;background-color:transparent}.elementor-widget-text-editor:not(.elementor-drop-cap-view-default) .elementor-drop-cap{margin-top:8px}.elementor-widget-text-editor:not(.elementor-drop-cap-view-default) .elementor-drop-cap-letter{width:1em;height:1em}.elementor-widget-text-editor .elementor-drop-cap{float:left;text-align:center;line-height:1;font-size:50px}.elementor-widget-text-editor .elementor-drop-cap-letter{display:inline-block}<\/style>\t\t\t\t<p><strong>Seg\u00fan la siguiente escala de calificaci\u00f3n, califique nuestros servicios:<\/strong><\/p><p><span style=\"font-weight: 400;\">5 .- Muy Satisfactorio\u00a0 \u00a0<\/span><span style=\"font-weight: 400;\">4 .- Satisfactori\u00a0 \u00a0<\/span><span style=\"font-weight: 400;\">3 .- Bueno\u00a0 <\/span><span style=\"font-weight: 400;\">2 .- Regular\u00a0 \u00a0<\/span><span style=\"font-weight: 400;\">1 .- Malo<\/span><\/p>\t\t\t\t\t\t<\/div>\n\t\t\t\t<\/div>\n\t\t\t\t\t<\/div>\n\t\t\t\t<\/div>\n\t\t<div data-particle_enable=\"false\" data-particle-mobile-disabled=\"false\" class=\"elementor-element elementor-element-7e597bf e-flex e-con-boxed e-con e-parent\" data-id=\"7e597bf\" data-element_type=\"container\">\n\t\t\t\t\t<div class=\"e-con-inner\">\n\t\t\t\t<div class=\"elementor-element elementor-element-3f715dd elementor-mobile-button-align-start elementor-button-align-stretch elementor-widget elementor-widget-form\" data-id=\"3f715dd\" data-element_type=\"widget\" data-settings=\"{&quot;button_width&quot;:&quot;50&quot;,&quot;step_next_label&quot;:&quot;Next&quot;,&quot;step_previous_label&quot;:&quot;Previous&quot;,&quot;step_type&quot;:&quot;number_text&quot;,&quot;step_icon_shape&quot;:&quot;circle&quot;}\" data-widget_type=\"form.default\">\n\t\t\t\t<div class=\"elementor-widget-container\">\n\t\t\t<style>\/*! elementor-pro - v3.21.0 - 20-05-2024 *\/\n.elementor-button.elementor-hidden,.elementor-hidden{display:none}.e-form__step{width:100%}.e-form__step:not(.elementor-hidden){display:flex;flex-wrap:wrap}.e-form__buttons{flex-wrap:wrap}.e-form__buttons,.e-form__buttons__wrapper{display:flex}.e-form__indicators{display:flex;justify-content:space-between;align-items:center;flex-wrap:nowrap;font-size:13px;margin-bottom:var(--e-form-steps-indicators-spacing)}.e-form__indicators__indicator{display:flex;flex-direction:column;align-items:center;justify-content:center;flex-basis:0;padding:0 var(--e-form-steps-divider-gap)}.e-form__indicators__indicator__progress{width:100%;position:relative;background-color:var(--e-form-steps-indicator-progress-background-color);border-radius:var(--e-form-steps-indicator-progress-border-radius);overflow:hidden}.e-form__indicators__indicator__progress__meter{width:var(--e-form-steps-indicator-progress-meter-width,0);height:var(--e-form-steps-indicator-progress-height);line-height:var(--e-form-steps-indicator-progress-height);padding-right:15px;border-radius:var(--e-form-steps-indicator-progress-border-radius);background-color:var(--e-form-steps-indicator-progress-color);color:var(--e-form-steps-indicator-progress-meter-color);text-align:right;transition:width .1s linear}.e-form__indicators__indicator:first-child{padding-left:0}.e-form__indicators__indicator:last-child{padding-right:0}.e-form__indicators__indicator--state-inactive{color:var(--e-form-steps-indicator-inactive-primary-color,#c2cbd2)}.e-form__indicators__indicator--state-inactive [class*=indicator--shape-]:not(.e-form__indicators__indicator--shape-none){background-color:var(--e-form-steps-indicator-inactive-secondary-color,#fff)}.e-form__indicators__indicator--state-inactive object,.e-form__indicators__indicator--state-inactive svg{fill:var(--e-form-steps-indicator-inactive-primary-color,#c2cbd2)}.e-form__indicators__indicator--state-active{color:var(--e-form-steps-indicator-active-primary-color,#39b54a);border-color:var(--e-form-steps-indicator-active-secondary-color,#fff)}.e-form__indicators__indicator--state-active [class*=indicator--shape-]:not(.e-form__indicators__indicator--shape-none){background-color:var(--e-form-steps-indicator-active-secondary-color,#fff)}.e-form__indicators__indicator--state-active object,.e-form__indicators__indicator--state-active svg{fill:var(--e-form-steps-indicator-active-primary-color,#39b54a)}.e-form__indicators__indicator--state-completed{color:var(--e-form-steps-indicator-completed-secondary-color,#fff)}.e-form__indicators__indicator--state-completed [class*=indicator--shape-]:not(.e-form__indicators__indicator--shape-none){background-color:var(--e-form-steps-indicator-completed-primary-color,#39b54a)}.e-form__indicators__indicator--state-completed .e-form__indicators__indicator__label{color:var(--e-form-steps-indicator-completed-primary-color,#39b54a)}.e-form__indicators__indicator--state-completed .e-form__indicators__indicator--shape-none{color:var(--e-form-steps-indicator-completed-primary-color,#39b54a);background-color:initial}.e-form__indicators__indicator--state-completed object,.e-form__indicators__indicator--state-completed svg{fill:var(--e-form-steps-indicator-completed-secondary-color,#fff)}.e-form__indicators__indicator__icon{width:var(--e-form-steps-indicator-padding,30px);height:var(--e-form-steps-indicator-padding,30px);font-size:var(--e-form-steps-indicator-icon-size);border-width:1px;border-style:solid;display:flex;justify-content:center;align-items:center;overflow:hidden;margin-bottom:10px}.e-form__indicators__indicator__icon img,.e-form__indicators__indicator__icon object,.e-form__indicators__indicator__icon svg{width:var(--e-form-steps-indicator-icon-size);height:auto}.e-form__indicators__indicator__icon .e-font-icon-svg{height:1em}.e-form__indicators__indicator__number{width:var(--e-form-steps-indicator-padding,30px);height:var(--e-form-steps-indicator-padding,30px);border-width:1px;border-style:solid;display:flex;justify-content:center;align-items:center;margin-bottom:10px}.e-form__indicators__indicator--shape-circle{border-radius:50%}.e-form__indicators__indicator--shape-square{border-radius:0}.e-form__indicators__indicator--shape-rounded{border-radius:5px}.e-form__indicators__indicator--shape-none{border:0}.e-form__indicators__indicator__label{text-align:center}.e-form__indicators__indicator__separator{width:100%;height:var(--e-form-steps-divider-width);background-color:#babfc5}.e-form__indicators--type-icon,.e-form__indicators--type-icon_text,.e-form__indicators--type-number,.e-form__indicators--type-number_text{align-items:flex-start}.e-form__indicators--type-icon .e-form__indicators__indicator__separator,.e-form__indicators--type-icon_text .e-form__indicators__indicator__separator,.e-form__indicators--type-number .e-form__indicators__indicator__separator,.e-form__indicators--type-number_text .e-form__indicators__indicator__separator{margin-top:calc(var(--e-form-steps-indicator-padding, 30px) \/ 2 - var(--e-form-steps-divider-width, 1px) \/ 2)}.elementor-field-type-hidden{display:none}.elementor-field-type-html{display:inline-block}.elementor-field-type-tel input{direction:inherit}.elementor-login .elementor-lost-password,.elementor-login .elementor-remember-me{font-size:.85em}.elementor-field-type-recaptcha_v3 .elementor-field-label{display:none}.elementor-field-type-recaptcha_v3 .grecaptcha-badge{z-index:1}.elementor-button .elementor-form-spinner{order:3}.elementor-form .elementor-button>span{display:flex;justify-content:center;align-items:center}.elementor-form .elementor-button .elementor-button-text{white-space:normal;flex-grow:0}.elementor-form .elementor-button svg{height:auto}.elementor-form .elementor-button .e-font-icon-svg{height:1em}.elementor-select-wrapper .select-caret-down-wrapper{position:absolute;top:50%;transform:translateY(-50%);inset-inline-end:10px;pointer-events:none;font-size:11px}.elementor-select-wrapper .select-caret-down-wrapper svg{display:unset;width:1em;aspect-ratio:unset;fill:currentColor}.elementor-select-wrapper .select-caret-down-wrapper i{font-size:19px;line-height:2}.elementor-select-wrapper.remove-before:before{content:\"\"!important}<\/style>\t\t<form class=\"elementor-form\" method=\"post\" name=\"New Form\">\n\t\t\t<input type=\"hidden\" name=\"post_id\" value=\"783\"\/>\n\t\t\t<input type=\"hidden\" name=\"form_id\" value=\"3f715dd\"\/>\n\t\t\t<input type=\"hidden\" name=\"referer_title\" value=\"\" \/>\n\n\t\t\t\n\t\t\t<div class=\"elementor-form-fields-wrapper elementor-labels-above\">\n\t\t\t\t\t\t\t\t<div class=\"elementor-field-type-html elementor-field-group elementor-column elementor-field-group-field_9873709 elementor-col-100\">\n\t\t\t\t\t<h5>1.-\u00bf Los servicios entregados cumplieron con sus expectativas y est\u00e1ndares .C\u00f3mo calificar\u00eda la calidad de nuestros servicios?<\/h5>\t\t\t\t<\/div>\n\t\t\t\t\t\t\t\t<div class=\"elementor-field-type-html elementor-field-group elementor-column elementor-field-group-field_506f7e7 elementor-col-50\">\n\t\t\t\t\t\t\t\t\t<\/div>\n\t\t\t\t\t\t\t\t<div class=\"elementor-field-type-html elementor-field-group elementor-column elementor-field-group-field_464f4a7 elementor-col-50\">\n\t\t\t\t\t\t\t\t\t<\/div>\n\t\t\t\t\t\t\t\t<div class=\"elementor-field-type-radio elementor-field-group elementor-column elementor-field-group-name elementor-col-100 elementor-field-required\">\n\t\t\t\t\t<div class=\"elementor-field-subgroup  elementor-subgroup-inline\"><span class=\"elementor-field-option\"><input type=\"radio\" value=\"0\" id=\"form-field-name-0\" name=\"form_fields[name]\" required=\"required\" aria-required=\"true\"> <label for=\"form-field-name-0\">0<\/label><\/span><span class=\"elementor-field-option\"><input type=\"radio\" value=\"1\" id=\"form-field-name-1\" name=\"form_fields[name]\" required=\"required\" aria-required=\"true\"> <label for=\"form-field-name-1\">1<\/label><\/span><span class=\"elementor-field-option\"><input type=\"radio\" value=\"2\" id=\"form-field-name-2\" name=\"form_fields[name]\" required=\"required\" aria-required=\"true\"> <label for=\"form-field-name-2\">2<\/label><\/span><span class=\"elementor-field-option\"><input type=\"radio\" value=\"3\" id=\"form-field-name-3\" name=\"form_fields[name]\" required=\"required\" aria-required=\"true\"> <label for=\"form-field-name-3\">3<\/label><\/span><span class=\"elementor-field-option\"><input type=\"radio\" value=\"4\" id=\"form-field-name-4\" name=\"form_fields[name]\" required=\"required\" aria-required=\"true\"> <label for=\"form-field-name-4\">4<\/label><\/span><span class=\"elementor-field-option\"><input type=\"radio\" value=\"5\" id=\"form-field-name-5\" name=\"form_fields[name]\" required=\"required\" aria-required=\"true\"> <label for=\"form-field-name-5\">5<\/label><\/span><\/div>\t\t\t\t<\/div>\n\t\t\t\t\t\t\t\t<div class=\"elementor-field-type-html elementor-field-group elementor-column elementor-field-group-field_3f91702 elementor-col-100\">\n\t\t\t\t\t<h5>2.-\u00bfC\u00f3mo calificar\u00eda nuestra capacidad para resolver problemas y responder a sus necesidades espec\u00edficas?<\/h5>\t\t\t\t<\/div>\n\t\t\t\t\t\t\t\t<div class=\"elementor-field-type-html elementor-field-group elementor-column elementor-field-group-field_bf30d6d elementor-col-50\">\n\t\t\t\t\t\t\t\t\t<\/div>\n\t\t\t\t\t\t\t\t<div class=\"elementor-field-type-html elementor-field-group elementor-column elementor-field-group-field_c46ffa8 elementor-col-50\">\n\t\t\t\t\t\t\t\t\t<\/div>\n\t\t\t\t\t\t\t\t<div class=\"elementor-field-type-radio elementor-field-group elementor-column elementor-field-group-field_4339d59 elementor-col-100 elementor-field-required\">\n\t\t\t\t\t<div class=\"elementor-field-subgroup  elementor-subgroup-inline\"><span class=\"elementor-field-option\"><input type=\"radio\" value=\"0\" id=\"form-field-field_4339d59-0\" name=\"form_fields[field_4339d59]\" required=\"required\" aria-required=\"true\"> <label for=\"form-field-field_4339d59-0\">0<\/label><\/span><span class=\"elementor-field-option\"><input type=\"radio\" value=\"1\" id=\"form-field-field_4339d59-1\" name=\"form_fields[field_4339d59]\" required=\"required\" aria-required=\"true\"> <label for=\"form-field-field_4339d59-1\">1<\/label><\/span><span class=\"elementor-field-option\"><input type=\"radio\" value=\"2\" id=\"form-field-field_4339d59-2\" name=\"form_fields[field_4339d59]\" required=\"required\" aria-required=\"true\"> <label for=\"form-field-field_4339d59-2\">2<\/label><\/span><span class=\"elementor-field-option\"><input type=\"radio\" value=\"3\" id=\"form-field-field_4339d59-3\" name=\"form_fields[field_4339d59]\" required=\"required\" aria-required=\"true\"> <label for=\"form-field-field_4339d59-3\">3<\/label><\/span><span class=\"elementor-field-option\"><input type=\"radio\" value=\"4\" id=\"form-field-field_4339d59-4\" name=\"form_fields[field_4339d59]\" required=\"required\" aria-required=\"true\"> <label for=\"form-field-field_4339d59-4\">4<\/label><\/span><span class=\"elementor-field-option\"><input type=\"radio\" value=\"5\" id=\"form-field-field_4339d59-5\" name=\"form_fields[field_4339d59]\" required=\"required\" aria-required=\"true\"> <label for=\"form-field-field_4339d59-5\">5<\/label><\/span><\/div>\t\t\t\t<\/div>\n\t\t\t\t\t\t\t\t<div class=\"elementor-field-type-html elementor-field-group elementor-column elementor-field-group-field_65095e2 elementor-col-100\">\n\t\t\t\t\t<h5>3.- \u00bfC\u00f3mo calificar\u00eda el profesionalismo y competencia t\u00e9cnica de nuestro personal durante la inspecci\u00f3n?\n<\/h5>\t\t\t\t<\/div>\n\t\t\t\t\t\t\t\t<div class=\"elementor-field-type-html elementor-field-group elementor-column elementor-field-group-field_cc8452c elementor-col-50\">\n\t\t\t\t\t\t\t\t\t<\/div>\n\t\t\t\t\t\t\t\t<div class=\"elementor-field-type-html elementor-field-group elementor-column elementor-field-group-field_2005e71 elementor-col-50\">\n\t\t\t\t\t\t\t\t\t<\/div>\n\t\t\t\t\t\t\t\t<div class=\"elementor-field-type-radio elementor-field-group elementor-column elementor-field-group-field_d9599e6 elementor-col-100 elementor-field-required\">\n\t\t\t\t\t<div class=\"elementor-field-subgroup  elementor-subgroup-inline\"><span class=\"elementor-field-option\"><input type=\"radio\" value=\"0\" id=\"form-field-field_d9599e6-0\" name=\"form_fields[field_d9599e6]\" required=\"required\" aria-required=\"true\"> <label for=\"form-field-field_d9599e6-0\">0<\/label><\/span><span class=\"elementor-field-option\"><input type=\"radio\" value=\"1\" id=\"form-field-field_d9599e6-1\" name=\"form_fields[field_d9599e6]\" required=\"required\" aria-required=\"true\"> <label for=\"form-field-field_d9599e6-1\">1<\/label><\/span><span class=\"elementor-field-option\"><input type=\"radio\" value=\"2\" id=\"form-field-field_d9599e6-2\" name=\"form_fields[field_d9599e6]\" required=\"required\" aria-required=\"true\"> <label for=\"form-field-field_d9599e6-2\">2<\/label><\/span><span class=\"elementor-field-option\"><input type=\"radio\" value=\"3\" id=\"form-field-field_d9599e6-3\" name=\"form_fields[field_d9599e6]\" required=\"required\" aria-required=\"true\"> <label for=\"form-field-field_d9599e6-3\">3<\/label><\/span><span class=\"elementor-field-option\"><input type=\"radio\" value=\"4\" id=\"form-field-field_d9599e6-4\" name=\"form_fields[field_d9599e6]\" required=\"required\" aria-required=\"true\"> <label for=\"form-field-field_d9599e6-4\">4<\/label><\/span><span class=\"elementor-field-option\"><input type=\"radio\" value=\"5\" id=\"form-field-field_d9599e6-5\" name=\"form_fields[field_d9599e6]\" required=\"required\" aria-required=\"true\"> <label for=\"form-field-field_d9599e6-5\">5<\/label><\/span><\/div>\t\t\t\t<\/div>\n\t\t\t\t\t\t\t\t<div class=\"elementor-field-type-html elementor-field-group elementor-column elementor-field-group-field_8fcf6ce elementor-col-100\">\n\t\t\t\t\t<h5>4.- \u00bfQu\u00e9 tan satisfecho est\u00e1 con la rapidez de nuestra respuesta a sus consultas y solicitudes? <\/h5>\t\t\t\t<\/div>\n\t\t\t\t\t\t\t\t<div class=\"elementor-field-type-html elementor-field-group elementor-column elementor-field-group-field_d7e47b0 elementor-col-50\">\n\t\t\t\t\t\t\t\t\t<\/div>\n\t\t\t\t\t\t\t\t<div class=\"elementor-field-type-html elementor-field-group elementor-column elementor-field-group-field_0ba4cca elementor-col-50\">\n\t\t\t\t\t\t\t\t\t<\/div>\n\t\t\t\t\t\t\t\t<div class=\"elementor-field-type-radio elementor-field-group elementor-column elementor-field-group-field_f84fb44 elementor-col-100 elementor-field-required\">\n\t\t\t\t\t<div class=\"elementor-field-subgroup  elementor-subgroup-inline\"><span class=\"elementor-field-option\"><input type=\"radio\" value=\"0\" id=\"form-field-field_f84fb44-0\" name=\"form_fields[field_f84fb44]\" required=\"required\" aria-required=\"true\"> <label for=\"form-field-field_f84fb44-0\">0<\/label><\/span><span class=\"elementor-field-option\"><input type=\"radio\" value=\"1\" id=\"form-field-field_f84fb44-1\" name=\"form_fields[field_f84fb44]\" required=\"required\" aria-required=\"true\"> <label for=\"form-field-field_f84fb44-1\">1<\/label><\/span><span class=\"elementor-field-option\"><input type=\"radio\" value=\"2\" id=\"form-field-field_f84fb44-2\" name=\"form_fields[field_f84fb44]\" required=\"required\" aria-required=\"true\"> <label for=\"form-field-field_f84fb44-2\">2<\/label><\/span><span class=\"elementor-field-option\"><input type=\"radio\" value=\"3\" id=\"form-field-field_f84fb44-3\" name=\"form_fields[field_f84fb44]\" required=\"required\" aria-required=\"true\"> <label for=\"form-field-field_f84fb44-3\">3<\/label><\/span><span class=\"elementor-field-option\"><input type=\"radio\" value=\"4\" id=\"form-field-field_f84fb44-4\" name=\"form_fields[field_f84fb44]\" required=\"required\" aria-required=\"true\"> <label for=\"form-field-field_f84fb44-4\">4<\/label><\/span><span class=\"elementor-field-option\"><input type=\"radio\" value=\"5\" id=\"form-field-field_f84fb44-5\" name=\"form_fields[field_f84fb44]\" required=\"required\" aria-required=\"true\"> <label for=\"form-field-field_f84fb44-5\">5<\/label><\/span><\/div>\t\t\t\t<\/div>\n\t\t\t\t\t\t\t\t<div class=\"elementor-field-type-html elementor-field-group elementor-column elementor-field-group-field_e486242 elementor-col-100\">\n\t\t\t\t\t<h5>5.- \u00bfQu\u00e9 tan satisfecho est\u00e1 con las medidas de seguridad implementadas durante nuestras inspecciones y servicios?\n<\/h5>\t\t\t\t<\/div>\n\t\t\t\t\t\t\t\t<div class=\"elementor-field-type-html elementor-field-group elementor-column elementor-field-group-field_44655cb elementor-col-50\">\n\t\t\t\t\t\t\t\t\t<\/div>\n\t\t\t\t\t\t\t\t<div class=\"elementor-field-type-html elementor-field-group elementor-column elementor-field-group-field_35b0db2 elementor-col-50\">\n\t\t\t\t\t\t\t\t\t<\/div>\n\t\t\t\t\t\t\t\t<div class=\"elementor-field-type-radio elementor-field-group elementor-column elementor-field-group-field_5b090a5 elementor-col-100 elementor-field-required\">\n\t\t\t\t\t<div class=\"elementor-field-subgroup  elementor-subgroup-inline\"><span class=\"elementor-field-option\"><input type=\"radio\" value=\"0\" id=\"form-field-field_5b090a5-0\" name=\"form_fields[field_5b090a5]\" required=\"required\" aria-required=\"true\"> <label for=\"form-field-field_5b090a5-0\">0<\/label><\/span><span class=\"elementor-field-option\"><input type=\"radio\" value=\"1\" id=\"form-field-field_5b090a5-1\" name=\"form_fields[field_5b090a5]\" required=\"required\" aria-required=\"true\"> <label for=\"form-field-field_5b090a5-1\">1<\/label><\/span><span class=\"elementor-field-option\"><input type=\"radio\" value=\"2\" id=\"form-field-field_5b090a5-2\" name=\"form_fields[field_5b090a5]\" required=\"required\" aria-required=\"true\"> <label for=\"form-field-field_5b090a5-2\">2<\/label><\/span><span class=\"elementor-field-option\"><input type=\"radio\" value=\"3\" id=\"form-field-field_5b090a5-3\" name=\"form_fields[field_5b090a5]\" required=\"required\" aria-required=\"true\"> <label for=\"form-field-field_5b090a5-3\">3<\/label><\/span><span class=\"elementor-field-option\"><input type=\"radio\" value=\"4\" id=\"form-field-field_5b090a5-4\" name=\"form_fields[field_5b090a5]\" required=\"required\" aria-required=\"true\"> <label for=\"form-field-field_5b090a5-4\">4<\/label><\/span><span class=\"elementor-field-option\"><input type=\"radio\" value=\"5\" id=\"form-field-field_5b090a5-5\" name=\"form_fields[field_5b090a5]\" required=\"required\" aria-required=\"true\"> <label for=\"form-field-field_5b090a5-5\">5<\/label><\/span><\/div>\t\t\t\t<\/div>\n\t\t\t\t\t\t\t\t<div class=\"elementor-field-type-html elementor-field-group elementor-column elementor-field-group-field_93c6aba elementor-col-100\">\n\t\t\t\t\t<h5>6.- \u00bfQu\u00e9 aspectos de nuestros servicios podr\u00edan mejorarse para aumentar su satisfacci\u00f3n?\n<\/h5>\t\t\t\t<\/div>\n\t\t\t\t\t\t\t\t<div class=\"elementor-field-type-text elementor-field-group elementor-column elementor-field-group-field_3bafb43 elementor-col-100\">\n\t\t\t\t\t\t\t\t\t\t\t\t\t<input size=\"1\" type=\"text\" name=\"form_fields[field_3bafb43]\" id=\"form-field-field_3bafb43\" class=\"elementor-field elementor-size-sm  elementor-field-textual\">\n\t\t\t\t\t\t\t\t\t\t\t<\/div>\n\t\t\t\t\t\t\t\t<div class=\"elementor-field-group elementor-column elementor-field-type-submit elementor-col-50 e-form__buttons\">\n\t\t\t\t\t<button type=\"submit\" class=\"elementor-button elementor-size-sm\">\n\t\t\t\t\t\t<span >\n\t\t\t\t\t\t\t\t\t\t\t\t\t\t\t<span class=\" elementor-button-icon\">\n\t\t\t\t\t\t\t\t\t\t\t\t\t\t\t\t\t\t\t\t\t\t\t\t\t\t<\/span>\n\t\t\t\t\t\t\t\t\t\t\t\t\t\t\t\t\t\t\t\t\t\t<span class=\"elementor-button-text\">Send<\/span>\n\t\t\t\t\t\t\t\t\t\t\t\t\t<\/span>\n\t\t\t\t\t<\/button>\n\t\t\t\t<\/div>\n\t\t\t<\/div>\n\t\t<\/form>\n\t\t\t\t<\/div>\n\t\t\t\t<\/div>\n\t\t\t\t\t<\/div>\n\t\t\t\t<\/div>\n\t\t\t\t<\/div>\n\t\t","protected":false},"excerpt":{"rendered":"<p>Petroafin P\u00e1gina Seg\u00fan la siguiente escala de calificaci\u00f3n, califique nuestros servicios: 5 .- Muy Satisfactorio\u00a0 \u00a04 .- Satisfactori\u00a0 \u00a03 .- Bueno\u00a0 2 .- Regular\u00a0 \u00a01 .- Malo<\/p>\n","protected":false},"author":1,"featured_media":0,"parent":18,"menu_order":0,"comment_status":"closed","ping_status":"closed","template":"elementor_header_footer","meta":{"_joinchat":[],"footnotes":""},"class_list":["post-783","page","type-page","status-publish","hentry"],"_links":{"self":[{"href":"https:\/\/petroafin.ec\/index.php?rest_route=\/wp\/v2\/pages\/783","targetHints":{"allow":["GET"]}}],"collection":[{"href":"https:\/\/petroafin.ec\/index.php?rest_route=\/wp\/v2\/pages"}],"about":[{"href":"https:\/\/petroafin.ec\/index.php?rest_route=\/wp\/v2\/types\/page"}],"author":[{"embeddable":true,"href":"https:\/\/petroafin.ec\/index.php?rest_route=\/wp\/v2\/users\/1"}],"replies":[{"embeddable":true,"href":"https:\/\/petroafin.ec\/index.php?rest_route=%2Fwp%2Fv2%2Fcomments&post=783"}],"version-history":[{"count":70,"href":"https:\/\/petroafin.ec\/index.php?rest_route=\/wp\/v2\/pages\/783\/revisions"}],"predecessor-version":[{"id":1194,"href":"https:\/\/petroafin.ec\/index.php?rest_route=\/wp\/v2\/pages\/783\/revisions\/1194"}],"up":[{"embeddable":true,"href":"https:\/\/petroafin.ec\/index.php?rest_route=\/wp\/v2\/pages\/18"}],"wp:attachment":[{"href":"https:\/\/petroafin.ec\/index.php?rest_route=%2Fwp%2Fv2%2Fmedia&parent=783"}],"curies":[{"name":"wp","href":"https:\/\/api.w.org\/{rel}","templated":true}]}}