{"id":14,"date":"2024-06-11T14:46:43","date_gmt":"2024-06-11T14:46:43","guid":{"rendered":"https:\/\/petroafin.ec\/?page_id=14"},"modified":"2024-07-11T08:52:30","modified_gmt":"2024-07-11T08:52:30","slug":"servicios","status":"publish","type":"page","link":"https:\/\/petroafin.ec\/?page_id=14","title":{"rendered":"Servicios"},"content":{"rendered":"\t\t<div data-elementor-type=\"wp-page\" data-elementor-id=\"14\" class=\"elementor elementor-14\" data-elementor-post-type=\"page\">\n\t\t\t\t<div data-particle_enable=\"false\" data-particle-mobile-disabled=\"false\" class=\"elementor-element elementor-element-b622aa1 e-flex e-con-boxed e-con e-parent\" data-id=\"b622aa1\" data-element_type=\"container\" data-settings=\"{&quot;background_background&quot;:&quot;classic&quot;}\">\n\t\t\t\t\t<div class=\"e-con-inner\">\n\t\t\t\t<div class=\"elementor-element elementor-element-ee5bf54 elementor-widget-mobile__width-initial elementor-widget elementor-widget-heading\" data-id=\"ee5bf54\" data-element_type=\"widget\" data-widget_type=\"heading.default\">\n\t\t\t\t<div class=\"elementor-widget-container\">\n\t\t\t<style>\/*! elementor - v3.21.0 - 26-05-2024 *\/\n.elementor-heading-title{padding:0;margin:0;line-height:1}.elementor-widget-heading .elementor-heading-title[class*=elementor-size-]>a{color:inherit;font-size:inherit;line-height:inherit}.elementor-widget-heading .elementor-heading-title.elementor-size-small{font-size:15px}.elementor-widget-heading .elementor-heading-title.elementor-size-medium{font-size:19px}.elementor-widget-heading .elementor-heading-title.elementor-size-large{font-size:29px}.elementor-widget-heading .elementor-heading-title.elementor-size-xl{font-size:39px}.elementor-widget-heading .elementor-heading-title.elementor-size-xxl{font-size:59px}<\/style><h2 class=\"elementor-heading-title elementor-size-default\">Servicios<\/h2>\t\t<\/div>\n\t\t\t\t<\/div>\n\t\t\t\t<div class=\"elementor-element elementor-element-9c243d8 elementor-widget-mobile__width-initial elementor-widget elementor-widget-bdt-breadcrumbs\" data-id=\"9c243d8\" data-element_type=\"widget\" data-widget_type=\"bdt-breadcrumbs.default\">\n\t\t\t\t<div class=\"elementor-widget-container\">\n\t\t\t<div class='bdt-ep-breadcrumbs-wrapper'><ul class=\"bdt-ep-breadcrumb   breadcrumb-align-right\"><li><a href=\"https:\/\/petroafin.ec\/\"><span class=\"bdt-ep-breadcrumbs-home-icon\"> <i aria-hidden=\"true\" class=\"lnr lnr-home\"><\/i> <\/span>Petroafin<\/a><\/li>\n<li><span> P\u00e1gina<\/span><\/li>\n<\/ul><\/div>\t\t<\/div>\n\t\t\t\t<\/div>\n\t\t\t\t\t<\/div>\n\t\t\t\t<\/div>\n\t\t<div data-particle_enable=\"false\" data-particle-mobile-disabled=\"false\" class=\"elementor-element elementor-element-0f5759e e-flex e-con-boxed elementor-invisible e-con e-parent\" data-id=\"0f5759e\" data-element_type=\"container\" data-settings=\"{&quot;animation&quot;:&quot;fadeInUp&quot;}\">\n\t\t\t\t\t<div class=\"e-con-inner\">\n\t\t<div data-particle_enable=\"false\" data-particle-mobile-disabled=\"false\" class=\"elementor-element elementor-element-037c122 e-flex e-con-boxed e-con e-child\" data-id=\"037c122\" data-element_type=\"container\">\n\t\t\t\t\t<div class=\"e-con-inner\">\n\t\t\t\t<div class=\"elementor-element elementor-element-8a6ae50 elementor-position-top elementor-widget elementor-widget-image-box\" data-id=\"8a6ae50\" data-element_type=\"widget\" data-widget_type=\"image-box.default\">\n\t\t\t\t<div class=\"elementor-widget-container\">\n\t\t\t<style>.elementor-widget-image-box .elementor-image-box-content{width:100%}@media (min-width:768px){.elementor-widget-image-box.elementor-position-left .elementor-image-box-wrapper,.elementor-widget-image-box.elementor-position-right .elementor-image-box-wrapper{display:flex}.elementor-widget-image-box.elementor-position-right .elementor-image-box-wrapper{text-align:end;flex-direction:row-reverse}.elementor-widget-image-box.elementor-position-left .elementor-image-box-wrapper{text-align:start;flex-direction:row}.elementor-widget-image-box.elementor-position-top .elementor-image-box-img{margin:auto}.elementor-widget-image-box.elementor-vertical-align-top .elementor-image-box-wrapper{align-items:flex-start}.elementor-widget-image-box.elementor-vertical-align-middle .elementor-image-box-wrapper{align-items:center}.elementor-widget-image-box.elementor-vertical-align-bottom .elementor-image-box-wrapper{align-items:flex-end}}@media (max-width:767px){.elementor-widget-image-box .elementor-image-box-img{margin-left:auto!important;margin-right:auto!important;margin-bottom:15px}}.elementor-widget-image-box .elementor-image-box-img{display:inline-block}.elementor-widget-image-box .elementor-image-box-title a{color:inherit}.elementor-widget-image-box .elementor-image-box-wrapper{text-align:center}.elementor-widget-image-box .elementor-image-box-description{margin:0}<\/style><div class=\"elementor-image-box-wrapper\"><figure class=\"elementor-image-box-img\"><img fetchpriority=\"high\" decoding=\"async\" width=\"1920\" height=\"1440\" src=\"https:\/\/petroafin.ec\/wp-content\/uploads\/2024\/07\/IMG_20200127_094938.jpg\" class=\"attachment-full size-full wp-image-913\" alt=\"\" srcset=\"https:\/\/petroafin.ec\/wp-content\/uploads\/2024\/07\/IMG_20200127_094938.jpg 1920w, https:\/\/petroafin.ec\/wp-content\/uploads\/2024\/07\/IMG_20200127_094938-300x225.jpg 300w, https:\/\/petroafin.ec\/wp-content\/uploads\/2024\/07\/IMG_20200127_094938-1024x768.jpg 1024w, https:\/\/petroafin.ec\/wp-content\/uploads\/2024\/07\/IMG_20200127_094938-768x576.jpg 768w, https:\/\/petroafin.ec\/wp-content\/uploads\/2024\/07\/IMG_20200127_094938-1536x1152.jpg 1536w\" sizes=\"(max-width: 1920px) 100vw, 1920px\" \/><\/figure><div class=\"elementor-image-box-content\"><h3 class=\"elementor-image-box-title\">INSPECCI\u00d3N VOLUM\u00c9TRICA DE TANQUES Y RECIPIENTES (CALIBRACI\u00d3N DE TANQUES)<\/h3><p class=\"elementor-image-box-description\">Nuestro servicio de Inspeci\u00f3n volum\u00e9trica (calibraci\u00f3n) de tanques est\u00e1 dise\u00f1ado para garantizar la precisi\u00f3n y confiabilidad en el control de combustibles y productos qu\u00edmicos almacenados. <\/p><\/div><\/div>\t\t<\/div>\n\t\t\t\t<\/div>\n\t\t\t\t<div class=\"elementor-element elementor-element-c0760a9 elementor-align-left elementor-mobile-align-center elementor-widget elementor-widget-button\" data-id=\"c0760a9\" data-element_type=\"widget\" data-widget_type=\"button.default\">\n\t\t\t\t<div class=\"elementor-widget-container\">\n\t\t\t\t\t<div class=\"elementor-button-wrapper\">\n\t\t\t<a class=\"elementor-button elementor-button-link elementor-size-sm\" href=\"https:\/\/petroafin.ec\/?page_id=420\">\n\t\t\t\t\t\t<span class=\"elementor-button-content-wrapper\">\n\t\t\t\t\t\t\t\t\t<span class=\"elementor-button-text\">Mas informaci\u00f3n<\/span>\n\t\t\t\t\t<\/span>\n\t\t\t\t\t<\/a>\n\t\t<\/div>\n\t\t\t\t<\/div>\n\t\t\t\t<\/div>\n\t\t\t\t\t<\/div>\n\t\t\t\t<\/div>\n\t\t<div data-particle_enable=\"false\" data-particle-mobile-disabled=\"false\" class=\"elementor-element elementor-element-54a3f23 e-flex e-con-boxed e-con e-child\" data-id=\"54a3f23\" data-element_type=\"container\">\n\t\t\t\t\t<div class=\"e-con-inner\">\n\t\t\t\t<div class=\"elementor-element elementor-element-11b7b90 elementor-position-top elementor-widget elementor-widget-image-box\" data-id=\"11b7b90\" data-element_type=\"widget\" data-widget_type=\"image-box.default\">\n\t\t\t\t<div class=\"elementor-widget-container\">\n\t\t\t<div class=\"elementor-image-box-wrapper\"><figure class=\"elementor-image-box-img\"><img decoding=\"async\" width=\"1920\" height=\"1440\" src=\"https:\/\/petroafin.ec\/wp-content\/uploads\/2024\/07\/IMG_20200822_141154.jpg\" class=\"attachment-full size-full wp-image-974\" alt=\"\" srcset=\"https:\/\/petroafin.ec\/wp-content\/uploads\/2024\/07\/IMG_20200822_141154.jpg 1920w, https:\/\/petroafin.ec\/wp-content\/uploads\/2024\/07\/IMG_20200822_141154-300x225.jpg 300w, https:\/\/petroafin.ec\/wp-content\/uploads\/2024\/07\/IMG_20200822_141154-1024x768.jpg 1024w, https:\/\/petroafin.ec\/wp-content\/uploads\/2024\/07\/IMG_20200822_141154-768x576.jpg 768w, https:\/\/petroafin.ec\/wp-content\/uploads\/2024\/07\/IMG_20200822_141154-1536x1152.jpg 1536w\" sizes=\"(max-width: 1920px) 100vw, 1920px\" \/><\/figure><div class=\"elementor-image-box-content\"><h3 class=\"elementor-image-box-title\">INSPECCI\u00d3N DE SEGURIDAD Y DE SISTEMAS DE MEDICI\u00d3N DIN\u00c1MICA DE HIDROCARBUROS<\/h3><p class=\"elementor-image-box-description\">Ofrecemos una gama completa de servicios de inspecci\u00f3n especializados para el sector hidrocarbur\u00edfero, enfocados en garantizar la seguridad y la precisi\u00f3n en el manejo y almacenamiento de combustibles.<\/p><\/div><\/div>\t\t<\/div>\n\t\t\t\t<\/div>\n\t\t\t\t<div class=\"elementor-element elementor-element-96c403a elementor-align-left elementor-mobile-align-center elementor-widget elementor-widget-button\" data-id=\"96c403a\" data-element_type=\"widget\" data-widget_type=\"button.default\">\n\t\t\t\t<div class=\"elementor-widget-container\">\n\t\t\t\t\t<div class=\"elementor-button-wrapper\">\n\t\t\t<a class=\"elementor-button elementor-button-link elementor-size-sm\" href=\"https:\/\/petroafin.ec\/?page_id=453\">\n\t\t\t\t\t\t<span class=\"elementor-button-content-wrapper\">\n\t\t\t\t\t\t\t\t\t<span class=\"elementor-button-text\">Mas informaci\u00f3n<\/span>\n\t\t\t\t\t<\/span>\n\t\t\t\t\t<\/a>\n\t\t<\/div>\n\t\t\t\t<\/div>\n\t\t\t\t<\/div>\n\t\t\t\t\t<\/div>\n\t\t\t\t<\/div>\n\t\t<div data-particle_enable=\"false\" data-particle-mobile-disabled=\"false\" class=\"elementor-element elementor-element-e2d294c e-flex e-con-boxed e-con e-child\" data-id=\"e2d294c\" data-element_type=\"container\">\n\t\t\t\t\t<div class=\"e-con-inner\">\n\t\t\t\t<div class=\"elementor-element elementor-element-85362fe elementor-position-top elementor-widget elementor-widget-image-box\" data-id=\"85362fe\" data-element_type=\"widget\" data-widget_type=\"image-box.default\">\n\t\t\t\t<div class=\"elementor-widget-container\">\n\t\t\t<div class=\"elementor-image-box-wrapper\"><figure class=\"elementor-image-box-img\"><img decoding=\"async\" width=\"1600\" height=\"1200\" src=\"https:\/\/petroafin.ec\/wp-content\/uploads\/2024\/07\/avr-2.jpg\" class=\"attachment-full size-full wp-image-1010\" alt=\"\" srcset=\"https:\/\/petroafin.ec\/wp-content\/uploads\/2024\/07\/avr-2.jpg 1600w, https:\/\/petroafin.ec\/wp-content\/uploads\/2024\/07\/avr-2-300x225.jpg 300w, https:\/\/petroafin.ec\/wp-content\/uploads\/2024\/07\/avr-2-1024x768.jpg 1024w, https:\/\/petroafin.ec\/wp-content\/uploads\/2024\/07\/avr-2-768x576.jpg 768w, https:\/\/petroafin.ec\/wp-content\/uploads\/2024\/07\/avr-2-1536x1152.jpg 1536w\" sizes=\"(max-width: 1600px) 100vw, 1600px\" \/><\/figure><div class=\"elementor-image-box-content\"><h3 class=\"elementor-image-box-title\">INSPECCI\u00d3N T\u00c9CNICA <\/h3><p class=\"elementor-image-box-description\">Ofrecemos un conjunto completo de servicios de inspecci\u00f3n t\u00e9cnica y ensayos para asegurar la integridad y seguridad de sus sistemas de almacenamiento y transporte de fluidos.<\/p><\/div><\/div>\t\t<\/div>\n\t\t\t\t<\/div>\n\t\t\t\t<div class=\"elementor-element elementor-element-0615dcc elementor-align-left elementor-mobile-align-center elementor-widget elementor-widget-button\" data-id=\"0615dcc\" data-element_type=\"widget\" data-widget_type=\"button.default\">\n\t\t\t\t<div class=\"elementor-widget-container\">\n\t\t\t\t\t<div class=\"elementor-button-wrapper\">\n\t\t\t<a class=\"elementor-button elementor-button-link elementor-size-sm\" href=\"https:\/\/petroafin.ec\/?page_id=461\">\n\t\t\t\t\t\t<span class=\"elementor-button-content-wrapper\">\n\t\t\t\t\t\t\t\t\t<span class=\"elementor-button-text\">Mas informaci\u00f3n<\/span>\n\t\t\t\t\t<\/span>\n\t\t\t\t\t<\/a>\n\t\t<\/div>\n\t\t\t\t<\/div>\n\t\t\t\t<\/div>\n\t\t\t\t\t<\/div>\n\t\t\t\t<\/div>\n\t\t\t\t\t<\/div>\n\t\t\t\t<\/div>\n\t\t<div data-particle_enable=\"false\" data-particle-mobile-disabled=\"false\" class=\"elementor-element elementor-element-2bab1a8 e-flex e-con-boxed elementor-invisible e-con e-parent\" data-id=\"2bab1a8\" data-element_type=\"container\" data-settings=\"{&quot;animation&quot;:&quot;fadeInUp&quot;}\">\n\t\t\t\t\t<div class=\"e-con-inner\">\n\t\t<div data-particle_enable=\"false\" data-particle-mobile-disabled=\"false\" class=\"elementor-element elementor-element-7862c07 e-con-full e-flex e-con e-child\" data-id=\"7862c07\" data-element_type=\"container\">\n\t\t\t\t<div class=\"elementor-element elementor-element-29eca0f elementor-position-top elementor-widget elementor-widget-image-box\" data-id=\"29eca0f\" data-element_type=\"widget\" data-widget_type=\"image-box.default\">\n\t\t\t\t<div class=\"elementor-widget-container\">\n\t\t\t<div class=\"elementor-image-box-wrapper\"><figure class=\"elementor-image-box-img\"><img loading=\"lazy\" decoding=\"async\" width=\"1920\" height=\"1436\" src=\"https:\/\/petroafin.ec\/wp-content\/uploads\/2024\/07\/IMG_20210111_091538_1.jpg\" class=\"attachment-full size-full wp-image-1085\" alt=\"\" srcset=\"https:\/\/petroafin.ec\/wp-content\/uploads\/2024\/07\/IMG_20210111_091538_1.jpg 1920w, https:\/\/petroafin.ec\/wp-content\/uploads\/2024\/07\/IMG_20210111_091538_1-300x224.jpg 300w, https:\/\/petroafin.ec\/wp-content\/uploads\/2024\/07\/IMG_20210111_091538_1-1024x766.jpg 1024w, https:\/\/petroafin.ec\/wp-content\/uploads\/2024\/07\/IMG_20210111_091538_1-768x574.jpg 768w, https:\/\/petroafin.ec\/wp-content\/uploads\/2024\/07\/IMG_20210111_091538_1-1536x1149.jpg 1536w\" sizes=\"(max-width: 1920px) 100vw, 1920px\" \/><\/figure><div class=\"elementor-image-box-content\"><h3 class=\"elementor-image-box-title\">ENSAYOS NO DESTRUCTIVOS (NDT)<\/h3><p class=\"elementor-image-box-description\">Ofrecemos una amplia gama de servicios de ensayos no destructivos (NDT) para evaluar la integridad y calidad de materiales y componentes sin causar da\u00f1os.<\/p><\/div><\/div>\t\t<\/div>\n\t\t\t\t<\/div>\n\t\t\t\t<div class=\"elementor-element elementor-element-2a8f94f elementor-align-left elementor-mobile-align-center elementor-widget elementor-widget-button\" data-id=\"2a8f94f\" data-element_type=\"widget\" data-widget_type=\"button.default\">\n\t\t\t\t<div class=\"elementor-widget-container\">\n\t\t\t\t\t<div class=\"elementor-button-wrapper\">\n\t\t\t<a class=\"elementor-button elementor-button-link elementor-size-sm\" href=\"https:\/\/petroafin.ec\/?page_id=467\">\n\t\t\t\t\t\t<span class=\"elementor-button-content-wrapper\">\n\t\t\t\t\t\t\t\t\t<span class=\"elementor-button-text\">Mas informaci\u00f3n<\/span>\n\t\t\t\t\t<\/span>\n\t\t\t\t\t<\/a>\n\t\t<\/div>\n\t\t\t\t<\/div>\n\t\t\t\t<\/div>\n\t\t\t\t<\/div>\n\t\t<div data-particle_enable=\"false\" data-particle-mobile-disabled=\"false\" class=\"elementor-element elementor-element-1999263 e-con-full e-flex e-con e-child\" data-id=\"1999263\" data-element_type=\"container\">\n\t\t\t\t<div class=\"elementor-element elementor-element-b7e3d30 elementor-position-top elementor-widget elementor-widget-image-box\" data-id=\"b7e3d30\" data-element_type=\"widget\" data-widget_type=\"image-box.default\">\n\t\t\t\t<div class=\"elementor-widget-container\">\n\t\t\t<div class=\"elementor-image-box-wrapper\"><figure class=\"elementor-image-box-img\"><img loading=\"lazy\" decoding=\"async\" width=\"1280\" height=\"960\" src=\"https:\/\/petroafin.ec\/wp-content\/uploads\/2024\/07\/refineria-5.jpg\" class=\"attachment-full size-full wp-image-1119\" alt=\"\" srcset=\"https:\/\/petroafin.ec\/wp-content\/uploads\/2024\/07\/refineria-5.jpg 1280w, https:\/\/petroafin.ec\/wp-content\/uploads\/2024\/07\/refineria-5-300x225.jpg 300w, https:\/\/petroafin.ec\/wp-content\/uploads\/2024\/07\/refineria-5-1024x768.jpg 1024w, https:\/\/petroafin.ec\/wp-content\/uploads\/2024\/07\/refineria-5-768x576.jpg 768w\" sizes=\"(max-width: 1280px) 100vw, 1280px\" \/><\/figure><div class=\"elementor-image-box-content\"><h3 class=\"elementor-image-box-title\">CONSTRUCCI\u00d3N Y MANTENIMIENTO DE INFRAESTRUCTURA<\/h3><p class=\"elementor-image-box-description\">Ofrecemos una gama integral de servicios especializados para la industria, centrados en el mantenimiento y reparaci\u00f3n de equipos est\u00e1ticos, plantas industriales y refiner\u00edas, as\u00ed como servicios de sandblasting y recubrimientos, y limpieza de tanques.<\/p><\/div><\/div>\t\t<\/div>\n\t\t\t\t<\/div>\n\t\t\t\t<div class=\"elementor-element elementor-element-fb8c78a elementor-align-left elementor-mobile-align-center elementor-widget elementor-widget-button\" data-id=\"fb8c78a\" data-element_type=\"widget\" data-widget_type=\"button.default\">\n\t\t\t\t<div class=\"elementor-widget-container\">\n\t\t\t\t\t<div class=\"elementor-button-wrapper\">\n\t\t\t<a class=\"elementor-button elementor-button-link elementor-size-sm\" href=\"https:\/\/petroafin.ec\/?page_id=494\">\n\t\t\t\t\t\t<span class=\"elementor-button-content-wrapper\">\n\t\t\t\t\t\t\t\t\t<span class=\"elementor-button-text\">Mas informaci\u00f3n<\/span>\n\t\t\t\t\t<\/span>\n\t\t\t\t\t<\/a>\n\t\t<\/div>\n\t\t\t\t<\/div>\n\t\t\t\t<\/div>\n\t\t\t\t<\/div>\n\t\t\t\t\t<\/div>\n\t\t\t\t<\/div>\n\t\t<div data-particle_enable=\"false\" data-particle-mobile-disabled=\"false\" class=\"elementor-element elementor-element-fbf9fc5 e-flex e-con-boxed elementor-invisible e-con e-parent\" data-id=\"fbf9fc5\" data-element_type=\"container\" data-settings=\"{&quot;background_background&quot;:&quot;classic&quot;,&quot;animation&quot;:&quot;fadeInUp&quot;}\">\n\t\t\t\t\t<div class=\"e-con-inner\">\n\t\t<div data-particle_enable=\"false\" data-particle-mobile-disabled=\"false\" class=\"elementor-element elementor-element-a8a9270 e-con-full e-flex e-con e-child\" data-id=\"a8a9270\" data-element_type=\"container\">\n\t\t\t\t<div class=\"elementor-element elementor-element-8e68852 elementor-widget elementor-widget-heading\" data-id=\"8e68852\" data-element_type=\"widget\" data-widget_type=\"heading.default\">\n\t\t\t\t<div class=\"elementor-widget-container\">\n\t\t\t<h2 class=\"elementor-heading-title elementor-size-default\">Tenemos mas servicios especializados para tu empresa<\/h2>\t\t<\/div>\n\t\t\t\t<\/div>\n\t\t\t\t<\/div>\n\t\t<div data-particle_enable=\"false\" data-particle-mobile-disabled=\"false\" class=\"elementor-element elementor-element-1c35b0f e-flex e-con-boxed e-con e-child\" data-id=\"1c35b0f\" data-element_type=\"container\">\n\t\t\t\t\t<div class=\"e-con-inner\">\n\t\t\t\t<div class=\"elementor-element elementor-element-9f73268 elementor-align-center elementor-widget elementor-widget-button\" data-id=\"9f73268\" data-element_type=\"widget\" data-widget_type=\"button.default\">\n\t\t\t\t<div class=\"elementor-widget-container\">\n\t\t\t\t\t<div class=\"elementor-button-wrapper\">\n\t\t\t<a class=\"elementor-button elementor-button-link elementor-size-sm\" href=\"https:\/\/petroafin.ec\/?attachment_id=641\" target=\"_blank\">\n\t\t\t\t\t\t<span class=\"elementor-button-content-wrapper\">\n\t\t\t\t\t\t<span class=\"elementor-button-icon elementor-align-icon-left\">\n\t\t\t\t<svg aria-hidden=\"true\" class=\"e-font-icon-svg e-fas-download\" viewBox=\"0 0 512 512\" xmlns=\"http:\/\/www.w3.org\/2000\/svg\"><path d=\"M216 0h80c13.3 0 24 10.7 24 24v168h87.7c17.8 0 26.7 21.5 14.1 34.1L269.7 378.3c-7.5 7.5-19.8 7.5-27.3 0L90.1 226.1c-12.6-12.6-3.7-34.1 14.1-34.1H192V24c0-13.3 10.7-24 24-24zm296 376v112c0 13.3-10.7 24-24 24H24c-13.3 0-24-10.7-24-24V376c0-13.3 10.7-24 24-24h146.7l49 49c20.1 20.1 52.5 20.1 72.6 0l49-49H488c13.3 0 24 10.7 24 24zm-124 88c0-11-9-20-20-20s-20 9-20 20 9 20 20 20 20-9 20-20zm64 0c0-11-9-20-20-20s-20 9-20 20 9 20 20 20 20-9 20-20z\"><\/path><\/svg>\t\t\t<\/span>\n\t\t\t\t\t\t\t\t\t<span class=\"elementor-button-text\">Descargar lista de servicios<\/span>\n\t\t\t\t\t<\/span>\n\t\t\t\t\t<\/a>\n\t\t<\/div>\n\t\t\t\t<\/div>\n\t\t\t\t<\/div>\n\t\t\t\t\t<\/div>\n\t\t\t\t<\/div>\n\t\t\t\t\t<\/div>\n\t\t\t\t<\/div>\n\t\t\t\t<\/div>\n\t\t","protected":false},"excerpt":{"rendered":"<p>Petroafin P\u00e1gina INSPECCI\u00d3N VOLUM\u00c9TRICA DE TANQUES Y RECIPIENTES (CALIBRACI\u00d3N DE TANQUES) Nuestro servicio de Inspeci\u00f3n volum\u00e9trica (calibraci\u00f3n) de tanques est\u00e1 dise\u00f1ado para garantizar la precisi\u00f3n y confiabilidad en el control de combustibles y productos qu\u00edmicos almacenados. Mas informaci\u00f3n INSPECCI\u00d3N DE SEGURIDAD Y DE SISTEMAS DE MEDICI\u00d3N DIN\u00c1MICA DE HIDROCARBUROS Ofrecemos una gama completa de servicios [&hellip;]<\/p>\n","protected":false},"author":1,"featured_media":0,"parent":0,"menu_order":0,"comment_status":"closed","ping_status":"closed","template":"elementor_header_footer","meta":{"_joinchat":[],"footnotes":""},"class_list":["post-14","page","type-page","status-publish","hentry"],"_links":{"self":[{"href":"https:\/\/petroafin.ec\/index.php?rest_route=\/wp\/v2\/pages\/14","targetHints":{"allow":["GET"]}}],"collection":[{"href":"https:\/\/petroafin.ec\/index.php?rest_route=\/wp\/v2\/pages"}],"about":[{"href":"https:\/\/petroafin.ec\/index.php?rest_route=\/wp\/v2\/types\/page"}],"author":[{"embeddable":true,"href":"https:\/\/petroafin.ec\/index.php?rest_route=\/wp\/v2\/users\/1"}],"replies":[{"embeddable":true,"href":"https:\/\/petroafin.ec\/index.php?rest_route=%2Fwp%2Fv2%2Fcomments&post=14"}],"version-history":[{"count":28,"href":"https:\/\/petroafin.ec\/index.php?rest_route=\/wp\/v2\/pages\/14\/revisions"}],"predecessor-version":[{"id":1156,"href":"https:\/\/petroafin.ec\/index.php?rest_route=\/wp\/v2\/pages\/14\/revisions\/1156"}],"wp:attachment":[{"href":"https:\/\/petroafin.ec\/index.php?rest_route=%2Fwp%2Fv2%2Fmedia&parent=14"}],"curies":[{"name":"wp","href":"https:\/\/api.w.org\/{rel}","templated":true}]}}